{"id":455,"date":"2026-02-25T08:54:14","date_gmt":"2026-02-25T08:54:14","guid":{"rendered":"https:\/\/evang-liebenau.at\/ek\/?page_id=455"},"modified":"2026-03-05T12:35:54","modified_gmt":"2026-03-05T12:35:54","slug":"anmeldung-weiterer-kinder-zur-kisowo-2026","status":"publish","type":"page","link":"https:\/\/evang-liebenau.at\/ek\/anmeldung-weiterer-kinder-zur-kisowo-2026\/","title":{"rendered":"Anmeldung weiterer Kinder zur KiSoWo 2026"},"content":{"rendered":"\n<h4 class=\"wp-block-heading\">27.07. \u2013 31.07-2026 jeweils von 7:30 \u2013 16:30 Uhr<br><\/h4>\n\n\n\n<p><strong>Ich m\u00f6chte mein Kind f\u00fcr die KiSoWo 2026 anmelden.<\/strong><br>Bitte f\u00fcr jedes Kind ein eigenes Formular ausf\u00fcllen. Das ist die Seite f\u00fcr <strong>weitere Kinder<\/strong>.<br><\/p>\n\n\n<div class=\"wp-block-kadence-advanced-form wp-block-kadence-advanced-form453-cpt-id kb-adv-form-label-style-normal kb-adv-form-input-size-standard kb-form-basic-style wp-block-kadence-advanced-form\"><form id=\"kb-adv-form-453-cpt-id\" class=\"kb-advanced-form\" method=\"post\">\n<style>.kb-row-layout-id453_2e49a3-0f > .kt-row-column-wrap{align-content:start;}:where(.kb-row-layout-id453_2e49a3-0f > .kt-row-column-wrap) > .wp-block-kadence-column{justify-content:start;}.kb-row-layout-id453_2e49a3-0f > .kt-row-column-wrap{column-gap:var(--global-kb-gap-md, 2rem);row-gap:var(--global-kb-gap-md, 2rem);padding-top:0px;padding-right:0px;padding-bottom:0px;padding-left:0px;grid-template-columns:repeat(2, minmax(0, 1fr));}.kb-row-layout-id453_2e49a3-0f > .kt-row-layout-overlay{opacity:0.30;}@media all and (max-width: 1024px){.kb-row-layout-id453_2e49a3-0f > .kt-row-column-wrap{grid-template-columns:repeat(2, minmax(0, 1fr));}}@media all and (max-width: 767px){.kb-row-layout-id453_2e49a3-0f > .kt-row-column-wrap{grid-template-columns:minmax(0, 1fr);}}<\/style><div class=\"kb-row-layout-wrap kb-row-layout-id453_2e49a3-0f alignnone wp-block-kadence-rowlayout\"><div class=\"kt-row-column-wrap kt-has-2-columns kt-row-layout-equal kt-tab-layout-inherit kt-mobile-layout-row kt-row-valign-top\">\n<style>.kadence-column453_566bef-6e > .kt-inside-inner-col,.kadence-column453_566bef-6e > .kt-inside-inner-col:before{border-top-left-radius:0px;border-top-right-radius:0px;border-bottom-right-radius:0px;border-bottom-left-radius:0px;}.kadence-column453_566bef-6e > .kt-inside-inner-col{column-gap:var(--global-kb-gap-sm, 1rem);}.kadence-column453_566bef-6e > .kt-inside-inner-col{flex-direction:column;}.kadence-column453_566bef-6e > .kt-inside-inner-col > .aligncenter{width:100%;}.kadence-column453_566bef-6e > .kt-inside-inner-col:before{opacity:0.3;}.kadence-column453_566bef-6e{position:relative;}@media all and (max-width: 1024px){.kadence-column453_566bef-6e > .kt-inside-inner-col{flex-direction:column;justify-content:center;}}@media all and (max-width: 767px){.kadence-column453_566bef-6e > .kt-inside-inner-col{flex-direction:column;justify-content:center;}}<\/style>\n<div class=\"wp-block-kadence-column kadence-column453_566bef-6e\"><div class=\"kt-inside-inner-col\"><div class=\"kb-adv-form-field kb-adv-form-text-type-input kb-adv-form-infield-type-input kb-field453888fcd-2f wp-block-kadence-advanced-form-text\"><label class=\"kb-adv-form-label\" for=\"field453888fcd-2f\">Teilnehmer:in (Vor- und Zuname)<span class=\"kb-adv-form-required\">*<\/span><\/label><input name=\"field888fcd-2f\" id=\"field453888fcd-2f\" data-label=\"Teilnehmer:in (Vor- und Zuname)\" type=\"text\" placeholder=\"\" value=\"\" data-type=\"text\" class=\"kb-field kb-text-field\" data-required=\"yes\" required aria-required=\"true\"\/><\/div><\/div><\/div>\n\n\n<style>.kadence-column453_32674f-86 > .kt-inside-inner-col,.kadence-column453_32674f-86 > .kt-inside-inner-col:before{border-top-left-radius:0px;border-top-right-radius:0px;border-bottom-right-radius:0px;border-bottom-left-radius:0px;}.kadence-column453_32674f-86 > .kt-inside-inner-col{column-gap:var(--global-kb-gap-sm, 1rem);}.kadence-column453_32674f-86 > .kt-inside-inner-col{flex-direction:column;}.kadence-column453_32674f-86 > .kt-inside-inner-col > .aligncenter{width:100%;}.kadence-column453_32674f-86 > .kt-inside-inner-col:before{opacity:0.3;}.kadence-column453_32674f-86{position:relative;}@media all and (max-width: 1024px){.kadence-column453_32674f-86 > .kt-inside-inner-col{flex-direction:column;justify-content:center;}}@media all and (max-width: 767px){.kadence-column453_32674f-86 > .kt-inside-inner-col{flex-direction:column;justify-content:center;}}<\/style>\n<div class=\"wp-block-kadence-column kadence-column453_32674f-86\"><div class=\"kt-inside-inner-col\"><div class=\"kb-adv-form-field kb-adv-form-text-type-input kb-adv-form-infield-type-input kb-field45306e653-73 wp-block-kadence-advanced-form-text\"><label class=\"kb-adv-form-label\" for=\"field45306e653-73\">Geburtsdatum des Kindes<span class=\"kb-adv-form-required\">*<\/span><\/label><input name=\"field06e653-73\" id=\"field45306e653-73\" data-label=\"Geburtsdatum des Kindes\" type=\"text\" placeholder=\"\" value=\"\" data-type=\"text\" class=\"kb-field kb-text-field\" data-required=\"yes\" required aria-required=\"true\"\/><\/div>\n\n<div class=\"kb-adv-form-field kb-adv-form-text-type-input kb-adv-form-infield-type-input kb-field4538fdc0f-67 wp-block-kadence-advanced-form-email\"><label class=\"kb-adv-form-label\" for=\"field4538fdc0f-67\">E-Mail<span class=\"kb-adv-form-required\">*<\/span><\/label><input name=\"field8fdc0f-67\" id=\"field4538fdc0f-67\" data-label=\"E-Mail\" type=\"email\" placeholder=\"\" value=\"\" data-type=\"email\" class=\"kb-field kb-email-field\" data-required=\"yes\" required aria-required=\"true\"\/><\/div><\/div><\/div>\n\n<\/div><\/div>\n\n<style>.kb-row-layout-id453_029549-d2 > .kt-row-column-wrap{align-content:start;}:where(.kb-row-layout-id453_029549-d2 > .kt-row-column-wrap) > .wp-block-kadence-column{justify-content:start;}.kb-row-layout-id453_029549-d2 > .kt-row-column-wrap{column-gap:var(--global-kb-gap-md, 2rem);row-gap:var(--global-kb-gap-md, 2rem);padding-top:0px;padding-right:0px;padding-bottom:0px;padding-left:0px;grid-template-columns:repeat(2, minmax(0, 1fr));}.kb-row-layout-id453_029549-d2 > .kt-row-layout-overlay{opacity:0.30;}@media all and (max-width: 1024px){.kb-row-layout-id453_029549-d2 > .kt-row-column-wrap{grid-template-columns:repeat(2, minmax(0, 1fr));}}@media all and (max-width: 767px){.kb-row-layout-id453_029549-d2 > .kt-row-column-wrap{grid-template-columns:minmax(0, 1fr);}}<\/style><div class=\"kb-row-layout-wrap kb-row-layout-id453_029549-d2 alignnone wp-block-kadence-rowlayout\"><div class=\"kt-row-column-wrap kt-has-2-columns kt-row-layout-equal kt-tab-layout-inherit kt-mobile-layout-row kt-row-valign-top\">\n<style>.kadence-column453_7ee2a1-34 > .kt-inside-inner-col,.kadence-column453_7ee2a1-34 > .kt-inside-inner-col:before{border-top-left-radius:0px;border-top-right-radius:0px;border-bottom-right-radius:0px;border-bottom-left-radius:0px;}.kadence-column453_7ee2a1-34 > .kt-inside-inner-col{column-gap:var(--global-kb-gap-sm, 1rem);}.kadence-column453_7ee2a1-34 > .kt-inside-inner-col{flex-direction:column;}.kadence-column453_7ee2a1-34 > .kt-inside-inner-col > .aligncenter{width:100%;}.kadence-column453_7ee2a1-34 > .kt-inside-inner-col:before{opacity:0.3;}.kadence-column453_7ee2a1-34{position:relative;}@media all and (max-width: 1024px){.kadence-column453_7ee2a1-34 > .kt-inside-inner-col{flex-direction:column;justify-content:center;}}@media all and (max-width: 767px){.kadence-column453_7ee2a1-34 > .kt-inside-inner-col{flex-direction:column;justify-content:center;}}<\/style>\n<div class=\"wp-block-kadence-column kadence-column453_7ee2a1-34\"><div class=\"kt-inside-inner-col\"><div class=\"kb-adv-form-field kb-field453de72e1-5f wp-block-kadence-advanced-form-radio\"><fieldset class=\"kb-radio-check-item-wrap\" id=\"rb453de72e1-5f\" data-type=\"radio\" data-required=\"yes\" ><legend class=\"kb-adv-form-label\">Teilnahme an der Zeltnacht<span class=\"kb-adv-form-required\">*<\/span><\/legend><div class=\"kb-radio-check-item\"><input class=\"kb-radio-style\" type=\"radio\"  id=\"field453de72e1-5f_0\" name=\"fieldde72e1-5f\"  value=\"Ja\"><label for=\"field453de72e1-5f_0\">Ja<\/label><\/div><div class=\"kb-radio-check-item\"><input class=\"kb-radio-style\" type=\"radio\"  id=\"field453de72e1-5f_1\" name=\"fieldde72e1-5f\"  value=\"Nein\"><label for=\"field453de72e1-5f_1\">Nein<\/label><\/div><div class=\"kb-radio-check-item\"><input class=\"kb-radio-style\" type=\"radio\"  id=\"field453de72e1-5f_2\" name=\"fieldde72e1-5f\"  value=\"Vielleicht\"><label for=\"field453de72e1-5f_2\">Vielleicht<\/label><\/div><\/fieldset><\/div><\/div><\/div>\n\n\n<style>.kadence-column453_3e5b92-38 > .kt-inside-inner-col,.kadence-column453_3e5b92-38 > .kt-inside-inner-col:before{border-top-left-radius:0px;border-top-right-radius:0px;border-bottom-right-radius:0px;border-bottom-left-radius:0px;}.kadence-column453_3e5b92-38 > .kt-inside-inner-col{column-gap:var(--global-kb-gap-sm, 1rem);}.kadence-column453_3e5b92-38 > .kt-inside-inner-col{flex-direction:column;}.kadence-column453_3e5b92-38 > .kt-inside-inner-col > .aligncenter{width:100%;}.kadence-column453_3e5b92-38 > .kt-inside-inner-col:before{opacity:0.3;}.kadence-column453_3e5b92-38{position:relative;}@media all and (max-width: 1024px){.kadence-column453_3e5b92-38 > .kt-inside-inner-col{flex-direction:column;justify-content:center;}}@media all and (max-width: 767px){.kadence-column453_3e5b92-38 > .kt-inside-inner-col{flex-direction:column;justify-content:center;}}<\/style>\n<div class=\"wp-block-kadence-column kadence-column453_3e5b92-38\"><div class=\"kt-inside-inner-col\"><div class=\"kb-adv-form-field kb-field453868f0e-1d wp-block-kadence-advanced-form-radio\"><fieldset class=\"kb-radio-check-item-wrap\" id=\"rb453868f0e-1d\" data-type=\"radio\" data-required=\"yes\" ><legend class=\"kb-adv-form-label\">Ern\u00e4hrung<span class=\"kb-adv-form-required\">*<\/span><\/legend><div class=\"kb-radio-check-item\"><input class=\"kb-radio-style\" type=\"radio\"  id=\"field453868f0e-1d_0\" name=\"field868f0e-1d\"  value=\"Mischkost\"><label for=\"field453868f0e-1d_0\">Mischkost<\/label><\/div><div class=\"kb-radio-check-item\"><input class=\"kb-radio-style\" type=\"radio\"  id=\"field453868f0e-1d_1\" name=\"field868f0e-1d\"  value=\"vegetarisch\"><label for=\"field453868f0e-1d_1\">vegetarisch<\/label><\/div><\/fieldset><\/div><\/div><\/div>\n\n<\/div><\/div>\n\n<div class=\"kb-adv-form-field kb-adv-form-text-type-input kb-adv-form-infield-type-input kb-field4535d7c53-a9 wp-block-kadence-advanced-form-textarea\"><label class=\"kb-adv-form-label\" for=\"field4535d7c53-a9\">Allergien, Medikamente, zus\u00e4tzliche Informationen<span class=\"kb-adv-form-required\">*<\/span><\/label><textarea name=\"field5d7c53-a9\" id=\"field4535d7c53-a9\" rows=\"2\"  data-label=\"Allergien, Medikamente, zus\u00e4tzliche Informationen\" placeholder=\"\" data-type=\"textarea\" class=\"kb-field kb-textarea-field\" data-required=\"yes\" required aria-required=\"true\"><\/textarea><\/div>\n\n<div class=\"kb-adv-form-field kb-field45363fa65-d1 wp-block-kadence-advanced-form-checkbox\"><fieldset class=\"kb-radio-check-item-wrap\" id=\"cb45363fa65-d1\" data-type=\"checkbox\" data-required=\"yes\" ><legend class=\"kb-adv-form-label\">Ich\/Wir stimmen den Teilnahmebedingungen der Evangelischen Jugend Liebenau zu. Die Teilnahmebedingungen werden auf Wunsch ausgeh\u00e4ndigt und stehen <strong><a href=\"https:\/\/www.sofrei.at\/fileadmin\/SoFrei\/docs_allgemein\/EJ%C3%96_SoFreiTeilnahmebedingungen_2025.pdf\" target=\"_blank\" rel=\"noreferrer noopener\">hier <\/a><\/strong>zur Verf\u00fcgung. Die Anmeldung wird erst mit Bezahlung g\u00fcltig<span class=\"kb-adv-form-required\">*<\/span><\/legend><div class=\"kb-radio-check-item\"><input class=\"kb-checkbox-style\" type=\"checkbox\"  id=\"field45363fa65-d1_0\" name=\"field63fa65-d1[]\" value=\"ja\"><label for=\"field45363fa65-d1_0\">ja<\/label><\/div><\/fieldset><\/div>\n\n<style>ul.menu .kb-submit-field .kb-btn3d75e3-75.kb-button{width:initial;}.kb-submit-field.kb-field3d75e3-75{justify-content:flex-start;}<\/style><div class=\"kb-adv-form-field kb-submit-field kb-field3d75e3-75 wp-block-kadence-advanced-form-submit\"><button class=\"kb-button kt-button button kb-adv-form-submit-button kb-btn3d75e3-75 kt-btn-size-standard kt-btn-width-type-auto kb-btn-global-fill kt-btn-has-text-true kt-btn-has-svg-false\" type=\"submit\"><span class=\"kt-btn-inner-text\">Verbindlich anmelden<\/span><\/button><\/div>\n<input type=\"hidden\" name=\"_kb_adv_form_post_id\" value=\"453\"><input type=\"hidden\" name=\"action\" value=\"kb_process_advanced_form_submit\"><input type=\"hidden\" name=\"_kb_adv_form_id\" value=\"453-cpt-id\"><\/form><\/div>\n\n\n<p><\/p>\n\n\n\n<div class=\"wp-block-columns is-layout-flex wp-container-core-columns-is-layout-9d6595d7 wp-block-columns-is-layout-flex\">\n<div class=\"wp-block-column is-layout-flow wp-block-column-is-layout-flow\">\n<p><strong>Zahlung bitte an<\/strong><br>Evangelische Erl\u00f6serkirche Graz-Liebenau<br>AT64 2081 5009 0079 0163<br>KiSoWo 2026 &#8222;Name des Kindes&#8220;<br>F\u00fcr ein Kind \u20ac 105<br>weitere Geschwister je \u20ac 95<\/p>\n<\/div>\n\n\n\n<div class=\"wp-block-column is-layout-flow wp-block-column-is-layout-flow\">\n<figure class=\"wp-block-image size-full is-resized\"><img loading=\"lazy\" decoding=\"async\" width=\"375\" height=\"375\" src=\"https:\/\/evang-liebenau.at\/ek\/wp-content\/uploads\/2026\/02\/QR-Code-Kisowo26-105.jpg\" alt=\"\" class=\"wp-image-447\" style=\"width:198px;height:auto\" srcset=\"https:\/\/evang-liebenau.at\/ek\/wp-content\/uploads\/2026\/02\/QR-Code-Kisowo26-105.jpg 375w, https:\/\/evang-liebenau.at\/ek\/wp-content\/uploads\/2026\/02\/QR-Code-Kisowo26-105-300x300.jpg 300w, https:\/\/evang-liebenau.at\/ek\/wp-content\/uploads\/2026\/02\/QR-Code-Kisowo26-105-150x150.jpg 150w\" sizes=\"auto, (max-width: 375px) 100vw, 375px\" \/><\/figure>\n<\/div>\n<\/div>\n\n\n\n<p><strong>Ein paar Tage nach Zahlungseingang erhalten sie ein Best\u00e4tigungsmail. Erst damit gilt die Anmeldung.<\/strong><\/p>\n","protected":false},"excerpt":{"rendered":"<p>27.07. \u2013 31.07-2026 jeweils von 7:30 \u2013 16:30 Uhr Ich m\u00f6chte mein Kind f\u00fcr die KiSoWo 2026 anmelden.Bitte f\u00fcr jedes Kind ein eigenes Formular ausf\u00fcllen. &hellip; <\/p>\n","protected":false},"author":2,"featured_media":0,"parent":0,"menu_order":0,"comment_status":"closed","ping_status":"closed","template":"","meta":{"_kad_blocks_custom_css":"","_kad_blocks_head_custom_js":"","_kad_blocks_body_custom_js":"","_kad_blocks_footer_custom_js":"","footnotes":""},"class_list":["post-455","page","type-page","status-publish","hentry"],"taxonomy_info":[],"featured_image_src_large":false,"author_info":{"display_name":"wordpressadmin","author_link":"https:\/\/evang-liebenau.at\/ek\/author\/wordpressadmin\/"},"comment_info":0,"_links":{"self":[{"href":"https:\/\/evang-liebenau.at\/ek\/wp-json\/wp\/v2\/pages\/455","targetHints":{"allow":["GET"]}}],"collection":[{"href":"https:\/\/evang-liebenau.at\/ek\/wp-json\/wp\/v2\/pages"}],"about":[{"href":"https:\/\/evang-liebenau.at\/ek\/wp-json\/wp\/v2\/types\/page"}],"author":[{"embeddable":true,"href":"https:\/\/evang-liebenau.at\/ek\/wp-json\/wp\/v2\/users\/2"}],"replies":[{"embeddable":true,"href":"https:\/\/evang-liebenau.at\/ek\/wp-json\/wp\/v2\/comments?post=455"}],"version-history":[{"count":7,"href":"https:\/\/evang-liebenau.at\/ek\/wp-json\/wp\/v2\/pages\/455\/revisions"}],"predecessor-version":[{"id":521,"href":"https:\/\/evang-liebenau.at\/ek\/wp-json\/wp\/v2\/pages\/455\/revisions\/521"}],"wp:attachment":[{"href":"https:\/\/evang-liebenau.at\/ek\/wp-json\/wp\/v2\/media?parent=455"}],"curies":[{"name":"wp","href":"https:\/\/api.w.org\/{rel}","templated":true}]}}