{"id":627,"date":"2026-05-10T11:49:34","date_gmt":"2026-05-10T11:49:34","guid":{"rendered":"https:\/\/evang-liebenau.at\/ek\/?page_id=627"},"modified":"2026-05-10T11:49:35","modified_gmt":"2026-05-10T11:49:35","slug":"haus-und-gartensamstage","status":"publish","type":"page","link":"https:\/\/evang-liebenau.at\/ek\/haus-und-gartensamstage\/","title":{"rendered":"Haus- und Gartensamstage"},"content":{"rendered":"\n<p>Miteinander versch\u00f6nern wir unseren Erl\u00f6sergarten und garteln und werken im und ums Haus herum!<\/p>\n\n\n\n<p>Alle kleinen und gro\u00dfen helfenden H\u00e4nde sind herzlich willkommen!<\/p>\n\n\n\n<p>Dazu gute Gespr\u00e4che und gemeinsames Mittagessen!<\/p>\n\n\n\n<p>Wir freuen uns auf euch!<\/p>\n\n\n\n<p><\/p>\n\n\n\n<p>ab 8 Uhr<\/p>\n\n\n\n<p>30. Mai<\/p>\n\n\n\n<p>27. Juni<\/p>\n\n\n\n<p>25. Juli<\/p>\n\n\n\n<p><\/p>\n","protected":false},"excerpt":{"rendered":"<p>Miteinander versch\u00f6nern wir unseren Erl\u00f6sergarten und garteln und werken im und ums Haus herum! Alle kleinen und gro\u00dfen helfenden H\u00e4nde sind herzlich willkommen! Dazu gute &hellip; <\/p>\n","protected":false},"author":4,"featured_media":0,"parent":0,"menu_order":0,"comment_status":"closed","ping_status":"closed","template":"","meta":{"_kad_blocks_custom_css":"","_kad_blocks_head_custom_js":"","_kad_blocks_body_custom_js":"","_kad_blocks_footer_custom_js":"","footnotes":""},"class_list":["post-627","page","type-page","status-publish","hentry"],"taxonomy_info":[],"featured_image_src_large":false,"author_info":{"display_name":"Wolfgang Ornig","author_link":"https:\/\/evang-liebenau.at\/ek\/author\/wpadmin-ek\/"},"comment_info":0,"_links":{"self":[{"href":"https:\/\/evang-liebenau.at\/ek\/wp-json\/wp\/v2\/pages\/627","targetHints":{"allow":["GET"]}}],"collection":[{"href":"https:\/\/evang-liebenau.at\/ek\/wp-json\/wp\/v2\/pages"}],"about":[{"href":"https:\/\/evang-liebenau.at\/ek\/wp-json\/wp\/v2\/types\/page"}],"author":[{"embeddable":true,"href":"https:\/\/evang-liebenau.at\/ek\/wp-json\/wp\/v2\/users\/4"}],"replies":[{"embeddable":true,"href":"https:\/\/evang-liebenau.at\/ek\/wp-json\/wp\/v2\/comments?post=627"}],"version-history":[{"count":1,"href":"https:\/\/evang-liebenau.at\/ek\/wp-json\/wp\/v2\/pages\/627\/revisions"}],"predecessor-version":[{"id":629,"href":"https:\/\/evang-liebenau.at\/ek\/wp-json\/wp\/v2\/pages\/627\/revisions\/629"}],"wp:attachment":[{"href":"https:\/\/evang-liebenau.at\/ek\/wp-json\/wp\/v2\/media?parent=627"}],"curies":[{"name":"wp","href":"https:\/\/api.w.org\/{rel}","templated":true}]}}