{"id":82,"date":"2025-11-03T00:02:55","date_gmt":"2025-11-03T00:02:55","guid":{"rendered":"https:\/\/evang-liebenau.at\/ek\/?page_id=82"},"modified":"2025-11-26T13:00:44","modified_gmt":"2025-11-26T13:00:44","slug":"gemeindevertretung","status":"publish","type":"page","link":"https:\/\/evang-liebenau.at\/ek\/gemeindevertretung\/","title":{"rendered":"Gemeindevertretung"},"content":{"rendered":"\n<p>Die Gemeindevertretung ist sozusagen das Parlament der Gemeinde.<br>Die Gr\u00f6\u00dfe richtet sich nach der Anzahl der Gemeindeglieder.<br>Bei uns in der Tochtergemeinde Liebenau sind wir 20 aus der Mitte der Gemeinde gew\u00e4hlte Mitglieder plus der Pfarrer \u201evon Amts wegen\u201c.<br><br>Alle haben eine Stimme, niemand hat ein Vetorecht.<br><br>Die Gemeindevertretung ber\u00e4t und beschlie\u00dft \u201edie gro\u00dfen Linien\u201c, z.B. das Jahresbudget und den Rechnungsabschluss, den Jahresbericht, die Ausschreibung einer Pfarrstelle, gr\u00f6\u00dfere Projekte und richtungsweisende Entscheidungen, sowie Bauvorhaben, die ein Jahresbudget \u00fcberschreiten, usw.<br>Sie tagt meistens zwei Mal im Jahr.<br><br>Die Gemeindevertretung w\u00e4hlt aus ihrer Mitte das Presbyterium.<br>Bei uns in Liebenau sind das 6 gew\u00e4hlte Mitglieder plus der Pfarrer \u201evon Amts wegen\u201c.<\/p>\n\n\n\n<p>Die Tochtergemeinde Liebenau ist Teil der Pfarrgemeinde Heilandskirche \u2013 daher sind mehrere unserer Gemeindevertreter*innen und der Pfarrer auch Mitglieder der Pfarrgemeindevertretung, und mehrere unserer Presbyter*innen und der Pfarrer Mitglieder im Pfarrpresbyterium Heilandskirche.<\/p>\n\n\n\n<p>Und \u00fcber die Sitzungst\u00e4tigkeit hinaus und die damit verbundene Verantwortung arbeiten die meisten Gemeindevertreter*innen und Presbyter*innen aktiv in den verschiedensten Arbeitsbereichen und T\u00e4tigkeiten, in Aussch\u00fcssen, Arbeitsgruppen und Teams der Gemeinde mit. Die Bandbreite reicht vom Kirchenkaffee und Kirchendienst \u00fcber Bauausschuss und KinderSommerWoche bis zur Mitarbeit im Garten, bei Festen und Veranstaltungen u.v.m.<\/p>\n\n\n\n<h4 class=\"wp-block-heading\">Derzeit sind unsere Gemeindevertreter*innen:<\/h4>\n\n\n\n<p>Jakob <strong>Beermann<\/strong><br>Andreas <strong>Finsterbusch<\/strong><br>Ulrike <strong>Fuchs<\/strong><br>Deborah <strong>Grossmann<\/strong><br>Paula <strong>Haupt<\/strong><br>Heidrun <strong>Haupt-Sitter<\/strong><br>Thomas <strong>Hribernig<\/strong><br>Marcus <strong>H\u00fctter<\/strong> (Pfarrer)<br>Alfred <strong>Kampitsch<\/strong><br>Dieter <strong>Knoblauch<\/strong><br>Berit <strong>Kochanowski<\/strong><br>Katja <strong>Neger<\/strong><br>Cornelia <strong>Ornig<\/strong><br>Esther <strong>Ornig<\/strong><br>Wolfgang <strong>Ornig<\/strong><br>Daniela <strong>Raith<\/strong><br>Gerhard <strong>Rapposch<\/strong><br>Sabine <strong>Sch\u00f6nwetter-Cebrat<\/strong><br>Sonja <strong>Seidl<\/strong><br>Christoph <strong>Ster<\/strong><br>Ulrike <strong>Wassermann<\/strong><\/p>\n","protected":false},"excerpt":{"rendered":"<p>Die Gemeindevertretung ist sozusagen das Parlament der Gemeinde.Die Gr\u00f6\u00dfe richtet sich nach der Anzahl der Gemeindeglieder.Bei uns in der Tochtergemeinde Liebenau sind wir 20 aus &hellip; <\/p>\n","protected":false},"author":1,"featured_media":0,"parent":0,"menu_order":0,"comment_status":"closed","ping_status":"closed","template":"","meta":{"_kad_blocks_custom_css":"","_kad_blocks_head_custom_js":"","_kad_blocks_body_custom_js":"","_kad_blocks_footer_custom_js":"","footnotes":""},"class_list":["post-82","page","type-page","status-publish","hentry"],"taxonomy_info":[],"featured_image_src_large":false,"author_info":{"display_name":"ln0px","author_link":"https:\/\/evang-liebenau.at\/ek\/author\/ln0px\/"},"comment_info":0,"_links":{"self":[{"href":"https:\/\/evang-liebenau.at\/ek\/wp-json\/wp\/v2\/pages\/82","targetHints":{"allow":["GET"]}}],"collection":[{"href":"https:\/\/evang-liebenau.at\/ek\/wp-json\/wp\/v2\/pages"}],"about":[{"href":"https:\/\/evang-liebenau.at\/ek\/wp-json\/wp\/v2\/types\/page"}],"author":[{"embeddable":true,"href":"https:\/\/evang-liebenau.at\/ek\/wp-json\/wp\/v2\/users\/1"}],"replies":[{"embeddable":true,"href":"https:\/\/evang-liebenau.at\/ek\/wp-json\/wp\/v2\/comments?post=82"}],"version-history":[{"count":3,"href":"https:\/\/evang-liebenau.at\/ek\/wp-json\/wp\/v2\/pages\/82\/revisions"}],"predecessor-version":[{"id":331,"href":"https:\/\/evang-liebenau.at\/ek\/wp-json\/wp\/v2\/pages\/82\/revisions\/331"}],"wp:attachment":[{"href":"https:\/\/evang-liebenau.at\/ek\/wp-json\/wp\/v2\/media?parent=82"}],"curies":[{"name":"wp","href":"https:\/\/api.w.org\/{rel}","templated":true}]}}